{"id":10,"date":"2015-10-16T17:47:42","date_gmt":"2015-10-16T16:47:42","guid":{"rendered":"http:\/\/www.agence-malttt.fr\/?page_id=10"},"modified":"2015-10-27T17:01:13","modified_gmt":"2015-10-27T16:01:13","slug":"jobs","status":"publish","type":"page","link":"https:\/\/www.malttt.com\/en\/jobs\/","title":{"rendered":"Jobs"},"content":{"rendered":"<p>L&#8217;agence recherche actuellement :<\/p>\n<ul>\n<li>Des freelances int\u00e9ress\u00e9s par le fait de travailler avec nous.<\/li>\n<li>Des apporteurs d&#8217;affaires sp\u00e9cialis\u00e9s dans les TPE\/PME.<\/li>\n<\/ul>\n<p>Sinon on a probablement un peu de place pour vous si vous voulez \u00eatre :<\/p>\n<ul>\n<li>Stagiaire profil \u00e9cole de Commerce<\/li>\n<li>Stagiaire profil \u00e9cole de D\u00e9veloppement<\/li>\n<li>Stagiaire profil \u00e9cole de Gestion de projet<\/li>\n<\/ul>\n<p>&nbsp;<\/p>\n","protected":false},"excerpt":{"rendered":"<p>L&#8217;agence recherche actuellement : Des freelances int\u00e9ress\u00e9s par le fait de travailler avec nous. Des apporteurs d&#8217;affaires sp\u00e9cialis\u00e9s dans les TPE\/PME. Sinon on a probablement un peu de place pour vous si vous voulez \u00eatre : Stagiaire profil \u00e9cole de Commerce Stagiaire profil \u00e9cole de D\u00e9veloppement Stagiaire profil \u00e9cole de Gestion de projet &nbsp;<\/p>\n","protected":false},"author":1,"featured_media":0,"parent":0,"menu_order":0,"comment_status":"closed","ping_status":"closed","template":"","meta":{"_monsterinsights_skip_tracking":false,"_monsterinsights_sitenote_active":false,"_monsterinsights_sitenote_note":"","_monsterinsights_sitenote_category":0,"footnotes":""},"class_list":["post-10","page","type-page","status-publish","hentry"],"_links":{"self":[{"href":"https:\/\/www.malttt.com\/en\/wp-json\/wp\/v2\/pages\/10","targetHints":{"allow":["GET"]}}],"collection":[{"href":"https:\/\/www.malttt.com\/en\/wp-json\/wp\/v2\/pages"}],"about":[{"href":"https:\/\/www.malttt.com\/en\/wp-json\/wp\/v2\/types\/page"}],"author":[{"embeddable":true,"href":"https:\/\/www.malttt.com\/en\/wp-json\/wp\/v2\/users\/1"}],"replies":[{"embeddable":true,"href":"https:\/\/www.malttt.com\/en\/wp-json\/wp\/v2\/comments?post=10"}],"version-history":[{"count":2,"href":"https:\/\/www.malttt.com\/en\/wp-json\/wp\/v2\/pages\/10\/revisions"}],"predecessor-version":[{"id":64,"href":"https:\/\/www.malttt.com\/en\/wp-json\/wp\/v2\/pages\/10\/revisions\/64"}],"wp:attachment":[{"href":"https:\/\/www.malttt.com\/en\/wp-json\/wp\/v2\/media?parent=10"}],"curies":[{"name":"wp","href":"https:\/\/api.w.org\/{rel}","templated":true}]}}