{"id":12,"date":"2015-10-16T17:40:35","date_gmt":"2015-10-16T16:40:35","guid":{"rendered":"http:\/\/www.agence-malttt.fr\/?page_id=12"},"modified":"2024-05-15T16:10:05","modified_gmt":"2024-05-15T15:10:05","slug":"contact","status":"publish","type":"page","link":"https:\/\/www.malttt.com\/en\/contact\/","title":{"rendered":"Contact"},"content":{"rendered":"<div id=\"pl-12\"  class=\"panel-layout\" ><div id=\"pg-12-0\"  class=\"panel-grid panel-no-style\" ><div id=\"pgc-12-0-0\"  class=\"panel-grid-cell\" ><div id=\"panel-12-0-0-0\" class=\"so-panel widget widget_text panel-first-child panel-last-child\" data-index=\"0\" >\t\t\t<div class=\"textwidget\"><div style=\"text-align:center;\">89 Rue des colonnes - Paris<br\/>\nContact commercial : hello@malttt.com \/ 09 72 53 51 33<br><b>SAV\/Support : Nous ne proposons pas de support par t\u00e9l\u00e9phone,<\/b><br\/> pri\u00e8re de nous contacter par Prestashop Addons ou CodeCanyon pour vous authentifier en amont<br\/><\/div><\/div>\n\t\t<\/div><\/div><\/div><\/div>","protected":false},"excerpt":{"rendered":"<p>89 Rue des colonnes &#8211; Paris Contact commercial : hello@malttt.com \/ 09 72 53 51 33SAV\/Support : Nous ne proposons pas de support par t\u00e9l\u00e9phone, pri\u00e8re de nous contacter par Prestashop Addons ou CodeCanyon pour vous authentifier en amont<\/p>\n","protected":false},"author":1,"featured_media":102,"parent":0,"menu_order":0,"comment_status":"closed","ping_status":"closed","template":"","meta":{"_monsterinsights_skip_tracking":false,"_monsterinsights_sitenote_active":false,"_monsterinsights_sitenote_note":"","_monsterinsights_sitenote_category":0,"footnotes":""},"class_list":["post-12","page","type-page","status-publish","has-post-thumbnail","hentry"],"_links":{"self":[{"href":"https:\/\/www.malttt.com\/en\/wp-json\/wp\/v2\/pages\/12","targetHints":{"allow":["GET"]}}],"collection":[{"href":"https:\/\/www.malttt.com\/en\/wp-json\/wp\/v2\/pages"}],"about":[{"href":"https:\/\/www.malttt.com\/en\/wp-json\/wp\/v2\/types\/page"}],"author":[{"embeddable":true,"href":"https:\/\/www.malttt.com\/en\/wp-json\/wp\/v2\/users\/1"}],"replies":[{"embeddable":true,"href":"https:\/\/www.malttt.com\/en\/wp-json\/wp\/v2\/comments?post=12"}],"version-history":[{"count":18,"href":"https:\/\/www.malttt.com\/en\/wp-json\/wp\/v2\/pages\/12\/revisions"}],"predecessor-version":[{"id":409,"href":"https:\/\/www.malttt.com\/en\/wp-json\/wp\/v2\/pages\/12\/revisions\/409"}],"wp:featuredmedia":[{"embeddable":true,"href":"https:\/\/www.malttt.com\/en\/wp-json\/wp\/v2\/media\/102"}],"wp:attachment":[{"href":"https:\/\/www.malttt.com\/en\/wp-json\/wp\/v2\/media?parent=12"}],"curies":[{"name":"wp","href":"https:\/\/api.w.org\/{rel}","templated":true}]}}